{"id":7606,"date":"2023-01-06T10:12:07","date_gmt":"2023-01-06T10:12:07","guid":{"rendered":"https:\/\/qsshoreca.be\/?post_type=product&#038;p=7606"},"modified":"2023-01-06T10:12:07","modified_gmt":"2023-01-06T10:12:07","slug":"icim-kayisi-nektar-24x330-ml","status":"publish","type":"product","link":"https:\/\/qsshoreca.be\/fr\/boissons\/icim-kayisi-nektar-24x330-ml\/","title":{"rendered":"\u0130\u00e7im Kay\u0131s\u0131 Nektar 24\u00d7330 ml"},"content":{"rendered":"","protected":false},"excerpt":{"rendered":"","protected":false},"featured_media":7607,"template":"","meta":[],"product_cat":[71],"product_tag":[],"_links":{"self":[{"href":"https:\/\/qsshoreca.be\/fr\/wp-json\/wp\/v2\/product\/7606"}],"collection":[{"href":"https:\/\/qsshoreca.be\/fr\/wp-json\/wp\/v2\/product"}],"about":[{"href":"https:\/\/qsshoreca.be\/fr\/wp-json\/wp\/v2\/types\/product"}],"wp:featuredmedia":[{"embeddable":true,"href":"https:\/\/qsshoreca.be\/fr\/wp-json\/wp\/v2\/media\/7607"}],"wp:attachment":[{"href":"https:\/\/qsshoreca.be\/fr\/wp-json\/wp\/v2\/media?parent=7606"}],"wp:term":[{"taxonomy":"product_cat","embeddable":true,"href":"https:\/\/qsshoreca.be\/fr\/wp-json\/wp\/v2\/product_cat?post=7606"},{"taxonomy":"product_tag","embeddable":true,"href":"https:\/\/qsshoreca.be\/fr\/wp-json\/wp\/v2\/product_tag?post=7606"}],"curies":[{"name":"wp","href":"https:\/\/api.w.org\/{rel}","templated":true}]}}