{"id":7658,"date":"2023-01-06T13:02:06","date_gmt":"2023-01-06T13:02:06","guid":{"rendered":"https:\/\/qsshoreca.be\/?post_type=product&#038;p=7658"},"modified":"2023-01-06T13:02:06","modified_gmt":"2023-01-06T13:02:06","slug":"nitro-energy-drink-20x25-cc","status":"publish","type":"product","link":"https:\/\/qsshoreca.be\/fr\/boissons\/nitro-energy-drink-20x25-cc\/","title":{"rendered":"Boisson \u00e9nerg\u00e9tique Nitro 20\u00d725 cc"},"content":{"rendered":"","protected":false},"excerpt":{"rendered":"","protected":false},"featured_media":7659,"template":"","meta":[],"product_cat":[71],"product_tag":[],"_links":{"self":[{"href":"https:\/\/qsshoreca.be\/fr\/wp-json\/wp\/v2\/product\/7658"}],"collection":[{"href":"https:\/\/qsshoreca.be\/fr\/wp-json\/wp\/v2\/product"}],"about":[{"href":"https:\/\/qsshoreca.be\/fr\/wp-json\/wp\/v2\/types\/product"}],"wp:featuredmedia":[{"embeddable":true,"href":"https:\/\/qsshoreca.be\/fr\/wp-json\/wp\/v2\/media\/7659"}],"wp:attachment":[{"href":"https:\/\/qsshoreca.be\/fr\/wp-json\/wp\/v2\/media?parent=7658"}],"wp:term":[{"taxonomy":"product_cat","embeddable":true,"href":"https:\/\/qsshoreca.be\/fr\/wp-json\/wp\/v2\/product_cat?post=7658"},{"taxonomy":"product_tag","embeddable":true,"href":"https:\/\/qsshoreca.be\/fr\/wp-json\/wp\/v2\/product_tag?post=7658"}],"curies":[{"name":"wp","href":"https:\/\/api.w.org\/{rel}","templated":true}]}}