{"id":7691,"date":"2023-01-06T16:10:48","date_gmt":"2023-01-06T16:10:48","guid":{"rendered":"https:\/\/qsshoreca.be\/?post_type=product&#038;p=7691"},"modified":"2023-01-06T16:15:33","modified_gmt":"2023-01-06T16:15:33","slug":"fuze-tea-black-tea-peach-6x4-x-330ml","status":"publish","type":"product","link":"https:\/\/qsshoreca.be\/fr\/boissons\/fuze-tea-black-tea-peach-6x4-x-330ml\/","title":{"rendered":"Fuze tea Th\u00e9 noir P\u00eache Hibiscus 6\u00d74 x 330ml"},"content":{"rendered":"","protected":false},"excerpt":{"rendered":"","protected":false},"featured_media":7692,"template":"","meta":[],"product_cat":[71],"product_tag":[],"_links":{"self":[{"href":"https:\/\/qsshoreca.be\/fr\/wp-json\/wp\/v2\/product\/7691"}],"collection":[{"href":"https:\/\/qsshoreca.be\/fr\/wp-json\/wp\/v2\/product"}],"about":[{"href":"https:\/\/qsshoreca.be\/fr\/wp-json\/wp\/v2\/types\/product"}],"wp:featuredmedia":[{"embeddable":true,"href":"https:\/\/qsshoreca.be\/fr\/wp-json\/wp\/v2\/media\/7692"}],"wp:attachment":[{"href":"https:\/\/qsshoreca.be\/fr\/wp-json\/wp\/v2\/media?parent=7691"}],"wp:term":[{"taxonomy":"product_cat","embeddable":true,"href":"https:\/\/qsshoreca.be\/fr\/wp-json\/wp\/v2\/product_cat?post=7691"},{"taxonomy":"product_tag","embeddable":true,"href":"https:\/\/qsshoreca.be\/fr\/wp-json\/wp\/v2\/product_tag?post=7691"}],"curies":[{"name":"wp","href":"https:\/\/api.w.org\/{rel}","templated":true}]}}