{"id":3,"date":"2022-12-07T16:56:18","date_gmt":"2022-12-07T16:56:18","guid":{"rendered":"http:\/\/qsshoreca.be\/?page_id=3"},"modified":"2024-08-15T10:35:56","modified_gmt":"2024-08-15T09:35:56","slug":"privacybeleid","status":"publish","type":"page","link":"https:\/\/qsshoreca.be\/tr\/gizlilik-politikasi\/","title":{"rendered":"Gizlilik Politikas\u0131"},"content":{"rendered":"<div class=\"wpb-content-wrapper\"><div class=\"vc_row wpb_row vc_row-fluid wd-rs-66bdca77bc894\"><div class=\"wpb_column vc_column_container vc_col-sm-12 wd-rs-66bdca833618a\"><div class=\"vc_column-inner vc_custom_1723714183532\"><div class=\"wpb_wrapper\">\n\t<div class=\"wpb_text_column wpb_content_element\" >\n\t\t<div class=\"wpb_wrapper\">\n\t\t\t<h2 class=\"wp-block-heading\">Biz Kimiz<\/h2>\n<p>Web sitesi adresimiz: http:\/\/qsshoreca.be.<\/p>\n<p>&nbsp;<\/p>\n<h2 class=\"wp-block-heading\">Yorumlar<\/h2>\n<p>Ziyaret\u00e7iler siteye yorum b\u0131rakt\u0131\u011f\u0131nda, spam tespitine yard\u0131mc\u0131 olmak i\u00e7in yorum formunda g\u00f6sterilen verilerin yan\u0131 s\u0131ra ziyaret\u00e7inin IP adresini ve taray\u0131c\u0131 kullan\u0131c\u0131 arac\u0131s\u0131 dizesini toplar\u0131z.<\/p>\n<p>E-posta adresinizden olu\u015fturulan anonimle\u015ftirilmi\u015f bir dize (hash olarak da bilinir), kullan\u0131p kullanmad\u0131\u011f\u0131n\u0131z\u0131 g\u00f6rmek i\u00e7in Gravatar hizmetine sa\u011flanabilir. Gravatar hizmetinin gizlilik politikas\u0131na buradan ula\u015fabilirsiniz: https:\/\/automattic.com\/privacy\/. Yorumunuzun onaylanmas\u0131n\u0131n ard\u0131ndan, profil resminiz yorumunuz ba\u011flam\u0131nda herkese g\u00f6r\u00fcn\u00fcr olacakt\u0131r.<\/p>\n<p>&nbsp;<\/p>\n<h2 class=\"wp-block-heading\">Medya<\/h2>\n<p>Web sitesine g\u00f6rsel y\u00fcklerken, g\u00f6m\u00fcl\u00fc konum verileri (EXIF GPS) i\u00e7eren g\u00f6rseller y\u00fcklemekten ka\u00e7\u0131n\u0131n. Web sitesi ziyaret\u00e7ileri, web sitesindeki resimlerden t\u00fcm konum verilerini indirebilir ve \u00e7\u0131karabilir.<\/p>\n<p>&nbsp;<\/p>\n<h2 class=\"wp-block-heading\">\u00c7erezler<\/h2>\n<p>Sitemize bir yorum b\u0131rak\u0131rsan\u0131z, ad\u0131n\u0131z\u0131n, e-posta adresinizin ve web sitenizin \u00e7erezlerde saklanmas\u0131n\u0131 se\u00e7ebilirsiniz. Bunlar size kolayl\u0131k sa\u011flamak i\u00e7indir, b\u00f6ylece ba\u015fka bir yorum b\u0131rakt\u0131\u011f\u0131n\u0131zda bilgilerinizi tekrar girmeniz gerekmez. Bu \u00e7erezlerin \u00f6mr\u00fc bir y\u0131ld\u0131r.<\/p>\n<p>Giri\u015f sayfam\u0131z\u0131 ziyaret etti\u011finizde, taray\u0131c\u0131n\u0131z\u0131n \u00e7erezleri kabul edip etmedi\u011fini belirlemek i\u00e7in ge\u00e7ici bir \u00e7erez ayarlar\u0131z. Bu \u00e7erez hi\u00e7bir ki\u015fisel veri i\u00e7ermez ve taray\u0131c\u0131n\u0131z\u0131 kapatt\u0131\u011f\u0131n\u0131zda silinir.<\/p>\n<p>Giri\u015f yapt\u0131\u011f\u0131n\u0131zda, giri\u015f bilgilerinizi ve ekran se\u00e7eneklerinizi saklamak i\u00e7in birka\u00e7 \u00e7erez de ayarlar\u0131z. Oturum a\u00e7ma \u00e7erezleri iki g\u00fcn, ekran se\u00e7enekleri \u00e7erezleri ise bir y\u0131l s\u00fcreyle saklan\u0131r. \"Beni hat\u0131rla\" se\u00e7ene\u011fini se\u00e7erseniz, giri\u015f bilgileriniz iki hafta boyunca saklanacakt\u0131r. Hesab\u0131n\u0131zdan \u00e7\u0131k\u0131\u015f yaparsan\u0131z, giri\u015f \u00e7erezleri silinecektir.<\/p>\n<p>Bir makaleyi d\u00fczenledi\u011finizde veya yay\u0131nlad\u0131\u011f\u0131n\u0131zda, taray\u0131c\u0131n\u0131zda ek bir \u00e7erez saklan\u0131r. Bu \u00e7erez hi\u00e7bir ki\u015fisel veri i\u00e7ermez ve yaln\u0131zca d\u00fczenledi\u011finiz makalenin post-ID'sini g\u00f6r\u00fcnt\u00fcler. S\u00fcresi 1 g\u00fcn sonra dolar.<\/p>\n<p>&nbsp;<\/p>\n<h2 class=\"wp-block-heading\">Di\u011fer web sitelerinin g\u00f6m\u00fcl\u00fc i\u00e7eri\u011fi<\/h2>\n<p>Bu sitedeki makaleler g\u00f6m\u00fcl\u00fc i\u00e7erik (\u00f6rne\u011fin videolar, resimler, makaleler, vb.) i\u00e7erebilir. Di\u011fer web sitelerinden gelen g\u00f6m\u00fcl\u00fc i\u00e7erik, ziyaret\u00e7i di\u011fer web sitesini ziyaret etmi\u015f gibi ayn\u0131 \u015fekilde davran\u0131r.<\/p>\n<p>Bu web siteleri hakk\u0131n\u0131zda veri toplayabilir, \u00e7erez kullanabilir, ek \u00fc\u00e7\u00fcnc\u00fc taraf takibi yerle\u015ftirebilir ve bir hesab\u0131n\u0131z varsa ve bu web sitesinde oturum a\u00e7t\u0131ysan\u0131z g\u00f6m\u00fcl\u00fc i\u00e7erikle etkile\u015fiminizi izlemek de dahil olmak \u00fczere bu g\u00f6m\u00fcl\u00fc i\u00e7erikle etkile\u015fiminizi izleyebilir.<\/p>\n<p>&nbsp;<\/p>\n<h2 class=\"wp-block-heading\">Verilerinizi kimlerle payla\u015f\u0131yoruz<\/h2>\n<p>\u015eifre s\u0131f\u0131rlama talebinde bulunman\u0131z halinde, IP adresiniz s\u0131f\u0131rlama e-postas\u0131nda yer alacakt\u0131r.<\/p>\n<p>&nbsp;<\/p>\n<h2 class=\"wp-block-heading\">Verilerinizi ne kadar s\u00fcreyle sakl\u0131yoruz<\/h2>\n<p>Bir yorum b\u0131rakt\u0131\u011f\u0131n\u0131zda, yorum ve meta verileri s\u00fcresiz olarak saklan\u0131r. B\u00f6ylece, takip eden yorumlar\u0131 moderasyon kuyru\u011funda bekletmek yerine otomatik olarak tan\u0131yabilir ve onaylayabiliriz.<\/p>\n<p>Web sitemize kaydolan kullan\u0131c\u0131lar i\u00e7in (varsa), sa\u011flad\u0131klar\u0131 ki\u015fisel bilgileri kullan\u0131c\u0131 profillerinde de saklar\u0131z. T\u00fcm kullan\u0131c\u0131lar ki\u015fisel bilgilerini istedikleri zaman g\u00f6r\u00fcnt\u00fcleyebilir, d\u00fczenleyebilir veya silebilirler (kullan\u0131c\u0131 adlar\u0131n\u0131 de\u011fi\u015ftirememeleri hari\u00e7). Web sitesi y\u00f6neticileri de bu bilgileri g\u00f6r\u00fcnt\u00fcleyebilir ve d\u00fczenleyebilir.<\/p>\n<p>&nbsp;<\/p>\n<h2 class=\"wp-block-heading\">Verileriniz \u00fczerinde sahip oldu\u011funuz haklar<\/h2>\n<p>Bu sitede bir hesab\u0131n\u0131z varsa veya yorum b\u0131rakt\u0131ysan\u0131z, bize sa\u011flad\u0131\u011f\u0131n\u0131z veriler de dahil olmak \u00fczere hakk\u0131n\u0131zda tuttu\u011fumuz ki\u015fisel verilerin d\u0131\u015fa aktar\u0131lm\u0131\u015f bir dosyas\u0131n\u0131 almay\u0131 talep edebilirsiniz. Ayr\u0131ca ki\u015fisel verilerinizi silmemizi de talep edebilirsiniz. Bu, idari, yasal veya g\u00fcvenlik amac\u0131yla saklamak zorunda oldu\u011fumuz veriler i\u00e7in ge\u00e7erli de\u011fildir.<\/p>\n<p>&nbsp;<\/p>\n<h2 class=\"wp-block-heading\">Verilerinizin g\u00f6nderilece\u011fi yer<\/h2>\n<p>Ziyaret\u00e7ilerden gelen yorumlar otomatik bir spam alg\u0131lama hizmeti taraf\u0131ndan izlenebilir.<\/p>\n<p>&nbsp;<\/p>\n<div id=\"urban-overlay\" style=\"left: -10px; top: -10px; width: 0px; height: 0px;\">\u00a0<\/div>\n\n\t\t<\/div>\n\t<\/div>\n<\/div><\/div><\/div><\/div><\/div>","protected":false},"excerpt":{"rendered":"Wie we zijn Ons website adres is: http:\/\/qsshoreca.be. &nbsp; Opmerkingen Wanneer bezoekers reacties achterlaten op de site, verzamelen we de","protected":false},"author":1,"featured_media":0,"parent":0,"menu_order":0,"comment_status":"closed","ping_status":"open","template":"","meta":{"footnotes":""},"_links":{"self":[{"href":"https:\/\/qsshoreca.be\/tr\/wp-json\/wp\/v2\/pages\/3"}],"collection":[{"href":"https:\/\/qsshoreca.be\/tr\/wp-json\/wp\/v2\/pages"}],"about":[{"href":"https:\/\/qsshoreca.be\/tr\/wp-json\/wp\/v2\/types\/page"}],"author":[{"embeddable":true,"href":"https:\/\/qsshoreca.be\/tr\/wp-json\/wp\/v2\/users\/1"}],"replies":[{"embeddable":true,"href":"https:\/\/qsshoreca.be\/tr\/wp-json\/wp\/v2\/comments?post=3"}],"version-history":[{"count":11,"href":"https:\/\/qsshoreca.be\/tr\/wp-json\/wp\/v2\/pages\/3\/revisions"}],"predecessor-version":[{"id":9253,"href":"https:\/\/qsshoreca.be\/tr\/wp-json\/wp\/v2\/pages\/3\/revisions\/9253"}],"wp:attachment":[{"href":"https:\/\/qsshoreca.be\/tr\/wp-json\/wp\/v2\/media?parent=3"}],"curies":[{"name":"wp","href":"https:\/\/api.w.org\/{rel}","templated":true}]}}