{"id":5029,"date":"2021-08-24T08:20:22","date_gmt":"2021-08-24T08:20:22","guid":{"rendered":"http:\/\/dummy.xtemos.com\/woodmart2\/?page_id=5029"},"modified":"2023-03-30T23:24:27","modified_gmt":"2023-03-30T22:24:27","slug":"over-qss","status":"publish","type":"page","link":"https:\/\/qsshoreca.be\/tr\/over-qss\/","title":{"rendered":"QSS Hakk\u0131nda"},"content":{"rendered":"<div class=\"wpb-content-wrapper\"><div class=\"vc_row wpb_row vc_row-fluid vc_custom_1629807228471 vc_row-o-content-middle vc_row-flex wd-rs-6124e274dbf68\"><div class=\"wpb_column vc_column_container vc_col-sm-12 vc_col-md-6 wd-rs-6124e25cb7f6c\"><div class=\"vc_column-inner\"><div class=\"wpb_wrapper\">\t\t<div id=\"gallery_905\" class=\"wd-images-gallery wd-wpb photoswipe-images\" style=\"--wd-justify-content:center;--wd-align-items:center;\">\n\t\t\t\n\t\t\t<div class=\"wd-grid-g\" style=\"--wd-col-lg:2;--wd-col-md:2;--wd-col-sm:1;--wd-gap-lg:2px;\">\n\t\t\t\t\n\t\t\t\t\t\t\t\t\t\t\t\t\t\t\t<div class=\"wd-gallery-item wd-col\">\n\t\t\t\t\t\t\t\t\t\t\t\t\t\t<a href=\"https:\/\/qsshoreca.be\/wp-content\/uploads\/2021\/08\/about-factory-image-1.jpg\" data-elementor-open-lightbox=\"no\" data-index=\"1\" data-width=\"1200\" data-height=\"800\" \n\t\t\t\t\t\t\t\t\t\t\t\t >\n\t\t\t\t\t\t\t\t\n\t\t\t\t\t\t\t\t<img loading=\"lazy\" decoding=\"async\" width=\"400\" height=\"320\" src=\"data:image\/jpg;base64,\/9j\/4AAQSkZJRgABAQAAAQABAAD\/\/gAfQ29tcHJlc3NlZCBieSBqcGVnLXJlY29tcHJlc3P\/2wBDAAYEBAUEBAYFBQUGBgYHCQ4JCQgICRINDQoOFRIWFhUSFBQXGiEcFxgfGRQUHScdHyIjJSUlFhwpLCgkKyEkJST\/2wBDAQYGBgkICREJCREkGBQYJCQkJCQkJCQkJCQkJCQkJCQkJCQkJCQkJCQkJCQkJCQkJCQkJCQkJCQkJCQkJCQkJCT\/wAARCAAKAA0DASIAAhEBAxEB\/8QAFwAAAwEAAAAAAAAAAAAAAAAAAQMFCP\/EAB8QAAICAgEFAAAAAAAAAAAAAAECAwQAEUEGISIxUf\/EABUBAQEAAAAAAAAAAAAAAAAAAAAC\/8QAFhEBAQEAAAAAAAAAAAAAAAAAABEh\/9oADAMBAAIRAxEAPwDQvUN2zRrBqleew7bBSIeR7cHg71lCtNJJCjsjRswBKN7U\/MaQCRsYcqaP\/9k=\" class=\"wd-gallery-image image-1 wd-lazy-load wd-lazy-fade\" alt=\"\" data-wood-src=\"https:\/\/qsshoreca.be\/wp-content\/uploads\/2021\/08\/about-factory-image-1-400x320.jpg\" srcset=\"\" \/>\n\t\t\t\t\t\t\t\t\t\t\t\t\t\t\t<\/a>\n\t\t\t\t\t\t\t\t\t\t\t\t<\/div>\n\t\t\t\t\t\t\t\t\t\t\t<div class=\"wd-gallery-item wd-col\">\n\t\t\t\t\t\t\t\t\t\t\t\t\t\t<a href=\"https:\/\/qsshoreca.be\/wp-content\/uploads\/2021\/08\/about-factory-image-2.jpg\" data-elementor-open-lightbox=\"no\" data-index=\"2\" data-width=\"1200\" data-height=\"800\" \n\t\t\t\t\t\t\t\t\t\t\t\t >\n\t\t\t\t\t\t\t\t\n\t\t\t\t\t\t\t\t<img loading=\"lazy\" decoding=\"async\" width=\"400\" height=\"320\" src=\"data:image\/jpg;base64,\/9j\/4AAQSkZJRgABAQAAAQABAAD\/\/gAfQ29tcHJlc3NlZCBieSBqcGVnLXJlY29tcHJlc3P\/2wBDAAYEBAUEBAYFBQUGBgYHCQ4JCQgICRINDQoOFRIWFhUSFBQXGiEcFxgfGRQUHScdHyIjJSUlFhwpLCgkKyEkJST\/2wBDAQYGBgkICREJCREkGBQYJCQkJCQkJCQkJCQkJCQkJCQkJCQkJCQkJCQkJCQkJCQkJCQkJCQkJCQkJCQkJCQkJCT\/wAARCAAKAA0DASIAAhEBAxEB\/8QAFgABAQEAAAAAAAAAAAAAAAAABgQI\/8QAIRAAAgAFBAMAAAAAAAAAAAAAAQIAAwQRIQUSQVEGMTL\/xAAVAQEBAAAAAAAAAAAAAAAAAAABAv\/EABgRAAIDAAAAAAAAAAAAAAAAAAABAhEh\/9oADAMBAAIRAxEAPwDRFfr1lmLSMhaWSGLYsRxYxVpmqpPpk3NMdwoJYr9XvnGOIMsAfJdpAIZjuHeR7hxKRVQBVAHQELwmLs\/\/2Q==\" class=\"wd-gallery-image image-2 wd-lazy-load wd-lazy-fade\" alt=\"\" data-wood-src=\"https:\/\/qsshoreca.be\/wp-content\/uploads\/2021\/08\/about-factory-image-2-400x320.jpg\" srcset=\"\" \/>\n\t\t\t\t\t\t\t\t\t\t\t\t\t\t\t<\/a>\n\t\t\t\t\t\t\t\t\t\t\t\t<\/div>\n\t\t\t\t\t\t\t\t\t\t\t<div class=\"wd-gallery-item wd-col\">\n\t\t\t\t\t\t\t\t\t\t\t\t\t\t<a href=\"https:\/\/qsshoreca.be\/wp-content\/uploads\/2021\/08\/about-factory-image-3.jpg\" data-elementor-open-lightbox=\"no\" data-index=\"3\" data-width=\"1200\" data-height=\"800\" \n\t\t\t\t\t\t\t\t\t\t\t\t >\n\t\t\t\t\t\t\t\t\n\t\t\t\t\t\t\t\t<img loading=\"lazy\" decoding=\"async\" width=\"400\" height=\"320\" src=\"data:image\/jpg;base64,\/9j\/4AAQSkZJRgABAQAAAQABAAD\/\/gAfQ29tcHJlc3NlZCBieSBqcGVnLXJlY29tcHJlc3P\/2wBDAAYEBAUEBAYFBQUGBgYHCQ4JCQgICRINDQoOFRIWFhUSFBQXGiEcFxgfGRQUHScdHyIjJSUlFhwpLCgkKyEkJST\/2wBDAQYGBgkICREJCREkGBQYJCQkJCQkJCQkJCQkJCQkJCQkJCQkJCQkJCQkJCQkJCQkJCQkJCQkJCQkJCQkJCQkJCT\/wAARCAAKAA0DASIAAhEBAxEB\/8QAFwAAAwEAAAAAAAAAAAAAAAAABAUGCP\/EACUQAAEDAgMJAAAAAAAAAAAAAAECAxEABAUhMQYSIiNBUXKBo\/\/EABUBAQEAAAAAAAAAAAAAAAAAAAID\/8QAFxEBAQEBAAAAAAAAAAAAAAAAAREAAv\/aAAwDAQACEQMRAD8A01a2lki2cctkNc7NamzIUYjWpTCW8RaevYedWgu8JWZGnSB6M9qd7L5YO34Nn5pozdSiQkBIknIRRCuodHIku\/\/Z\" class=\"wd-gallery-image image-3 wd-lazy-load wd-lazy-fade\" alt=\"\" data-wood-src=\"https:\/\/qsshoreca.be\/wp-content\/uploads\/2021\/08\/about-factory-image-3-400x320.jpg\" srcset=\"\" \/>\n\t\t\t\t\t\t\t\t\t\t\t\t\t\t\t<\/a>\n\t\t\t\t\t\t\t\t\t\t\t\t<\/div>\n\t\t\t\t\t\t\t\t\t\t\t<div class=\"wd-gallery-item wd-col\">\n\t\t\t\t\t\t\t\t\t\t\t\t\t\t<a href=\"https:\/\/qsshoreca.be\/wp-content\/uploads\/2021\/08\/about-factory-image-4.jpg\" data-elementor-open-lightbox=\"no\" data-index=\"4\" data-width=\"1200\" data-height=\"800\" \n\t\t\t\t\t\t\t\t\t\t\t\t >\n\t\t\t\t\t\t\t\t\n\t\t\t\t\t\t\t\t<img loading=\"lazy\" decoding=\"async\" width=\"400\" height=\"320\" src=\"data:image\/jpg;base64,\/9j\/4AAQSkZJRgABAQAAAQABAAD\/\/gAfQ29tcHJlc3NlZCBieSBqcGVnLXJlY29tcHJlc3P\/2wBDAAYEBAUEBAYFBQUGBgYHCQ4JCQgICRINDQoOFRIWFhUSFBQXGiEcFxgfGRQUHScdHyIjJSUlFhwpLCgkKyEkJST\/2wBDAQYGBgkICREJCREkGBQYJCQkJCQkJCQkJCQkJCQkJCQkJCQkJCQkJCQkJCQkJCQkJCQkJCQkJCQkJCQkJCQkJCT\/wAARCAAKAA0DASIAAhEBAxEB\/8QAFgABAQEAAAAAAAAAAAAAAAAABAUI\/8QAHxAAAQQCAgMAAAAAAAAAAAAAAwABAhIEERUhIjFx\/8QAFQEBAQAAAAAAAAAAAAAAAAAAAQL\/xAAWEQEBAQAAAAAAAAAAAAAAAAAAAQL\/2gAMAwEAAhEDEQA\/ANEY8Du45kGOGUSV5hKW1G9eKqoxBD5KJKRvTVtd6+pDqcGv\/9k=\" class=\"wd-gallery-image image-4 wd-lazy-load wd-lazy-fade\" alt=\"\" data-wood-src=\"https:\/\/qsshoreca.be\/wp-content\/uploads\/2021\/08\/about-factory-image-4-400x320.jpg\" srcset=\"\" \/>\n\t\t\t\t\t\t\t\t\t\t\t\t\t\t\t<\/a>\n\t\t\t\t\t\t\t\t\t\t\t\t<\/div>\n\t\t\t\t\t\t\t\t\t\n\t\t\t\t\t\t\t<\/div>\n\n\t\t\t\t\t<\/div>\n\t\t<\/div><\/div><\/div><div class=\"wpb_column vc_column_container vc_col-sm-12 vc_col-md-6 vc_col-xs-12 vc_col-has-fill color-scheme-dark wd-rs-6124e2629e6ac\"><div class=\"vc_column-inner vc_custom_1629807209098\"><div class=\"wpb_wrapper\">\n\t\t<div id=\"wd-642609ac33b7f\" class=\"title-wrapper wd-wpb set-mb-s reset-last-child  wd-rs-642609ac33b7f wd-title-color-default wd-title-style-default text-left vc_custom_1680214451977 wd-width-custom wd-underline-colored\">\n\t\t\t\n\t\t\t<div class=\"liner-continer\">\n\t\t\t\t<h4 class=\"woodmart-title-container title  wd-font-weight-400 wd-fontsize-l\" >QSS Hakk\u0131nda<\/h4>\n\t\t\t\t\t\t\t<\/div>\n\t\t\t\n\t\t\t\n\t\t\t\n\t\t<\/div>\n\t\t\n\t\t\n<div class=\"vc-zigzag-wrapper vc_custom_1505897020011 vc-zigzag-align-left\"><div class=\"vc-zigzag-inner\" style=\"width: 20%;min-height: 14px;background: 0 repeat-x url(&#039;data:image\/svg+xml;utf-8,%3C%3Fxml%20version%3D%221.0%22%20encoding%3D%22utf-8%22%3F%3E%3C%21DOCTYPE%20svg%20PUBLIC%20%22-%2F%2FW3C%2F%2FDTD%20SVG%201.1%2F%2FEN%22%20%22http%3A%2F%2Fwww.w3.org%2FGraphics%2FSVG%2F1.1%2FDTD%2Fsvg11.dtd%22%3E%3Csvg%20width%3D%2214px%22%20height%3D%2212px%22%20viewBox%3D%220%200%2018%2015%22%20version%3D%221.1%22%20xmlns%3D%22http%3A%2F%2Fwww.w3.org%2F2000%2Fsvg%22%20xmlns%3Axlink%3D%22http%3A%2F%2Fwww.w3.org%2F1999%2Fxlink%22%3E%3Cpolygon%20id%3D%22Combined-Shape%22%20fill%3D%22%23ebebeb%22%20points%3D%228.98762301%200%200%209.12771969%200%2014.519983%209%205.40479869%2018%2014.519983%2018%209.12771969%22%3E%3C%2Fpolygon%3E%3C%2Fsvg%3E&#039;);\"><\/div><\/div>\n\t<div class=\"wpb_text_column wpb_content_element\" >\n\t\t<div class=\"wpb_wrapper\">\n\t\t\t<p>Sekt\u00f6rdeki uzun y\u0131llara dayanan deneyimimiz sayesinde, t\u00fcm catering sorunlar\u0131n\u0131z i\u00e7in oldu\u011fu kadar ev al\u0131mlar\u0131n\u0131z i\u00e7in de en iyi \u00e7\u00f6z\u00fcmleri sunuyoruz. Flaman pazar\u0131ndaki bir\u00e7ok b\u00fcy\u00fck marka ile i\u015fbirli\u011fi i\u00e7inde, at\u0131\u015ft\u0131rmal\u0131klar, alkols\u00fcz i\u00e7ecekler, ambalajlar, pizza malzemeleri vb. gibi catering i\u015finiz i\u00e7in geni\u015f bir malzeme yelpazesine sahibiz.<\/p>\n<p>Deneyimli ekibimizle birlikte, profesyonel m\u00fc\u015fterilerimiz i\u00e7in Gent ve \u00e7evresinde hem teslim alma hem de teslimat i\u00e7in 7\/7 hizmetinizdeyiz. Depomuzun merkezi konumu ve geni\u015f otopark\u0131 sayesinde al\u0131\u015fveri\u015finizi huzur ve sessizlik i\u00e7inde yapabilirsiniz. Haftan\u0131n belirli g\u00fcnlerinde, sipari\u015finizi Flanders genelinde teslim etmekten mutluluk duyar\u0131z.<\/p>\n<p>M\u00fc\u015fteri dostu yakla\u015f\u0131m\u0131m\u0131z, profesyonel teslimat\u0131m\u0131z ve rekabet\u00e7i fiyatlar\u0131m\u0131z g\u00fc\u00e7l\u00fc y\u00f6nlerimizdir.<\/p>\n<p>QSS Ekibi, tan\u0131\u015fma ve olumlu bir i\u015fbirli\u011fi i\u00e7in size ho\u015f geldiniz demek istiyor!<\/p>\n\n\t\t<\/div>\n\t<\/div>\n<div id=\"wd-642609f91adc2\" class=\"wd-rs-642609f91adc2  wd-button-wrapper text-center inline-element\"><a href=\"https:\/\/qsshoreca.be\/tr\/winkel\/\" title=\"\" class=\"btn btn-color-primary btn-style-default btn-style-rectangle btn-size-default\">PERAKENDE \u00dcR\u00dcNLER<\/a><\/div><div id=\"wd-64260a512086b\" class=\"wd-rs-64260a512086b  wd-button-wrapper text-center inline-element\"><a href=\"https:\/\/qsshoreca.be\/tr\/iletisim\/\" title=\"\" class=\"btn btn-color-default btn-style-bordered btn-style-rectangle btn-size-default\">\u0130LET\u0130\u015e\u0130M<\/a><\/div><\/div><\/div><\/div><\/div><div class=\"vc_row wpb_row vc_row-fluid vc_custom_1680214950362 wd-rs-64260b9f82b8a\"><div class=\"wpb_column vc_column_container vc_col-sm-12 vc_col-has-fill color-scheme-dark\"><div class=\"vc_column-inner vc_custom_1505552126475\"><div class=\"wpb_wrapper\">\n\t\t<div id=\"wd-64260c13ee931\" class=\"title-wrapper wd-wpb set-mb-s reset-last-child  wd-rs-64260c13ee931 wd-title-color-default wd-title-style-default text-center vc_custom_1680215064357 wd-width-custom wd-underline-colored\">\n\t\t\t\n\t\t\t<div class=\"liner-continer\">\n\t\t\t\t<h4 class=\"woodmart-title-container title  wd-font-weight-400 wd-fontsize-l\" >\u0130kram uzman\u0131n\u0131z<\/h4>\n\t\t\t\t\t\t\t<\/div>\n\t\t\t\n\t\t\t\n\t\t\t\n\t\t<\/div>\n\t\t\n\t\t\n<div class=\"vc-zigzag-wrapper vc-zigzag-align-center\"><div class=\"vc-zigzag-inner\" style=\"width: 10%;min-height: 14px;background: 0 repeat-x url(&#039;data:image\/svg+xml;utf-8,%3C%3Fxml%20version%3D%221.0%22%20encoding%3D%22utf-8%22%3F%3E%3C%21DOCTYPE%20svg%20PUBLIC%20%22-%2F%2FW3C%2F%2FDTD%20SVG%201.1%2F%2FEN%22%20%22http%3A%2F%2Fwww.w3.org%2FGraphics%2FSVG%2F1.1%2FDTD%2Fsvg11.dtd%22%3E%3Csvg%20width%3D%2214px%22%20height%3D%2212px%22%20viewBox%3D%220%200%2018%2015%22%20version%3D%221.1%22%20xmlns%3D%22http%3A%2F%2Fwww.w3.org%2F2000%2Fsvg%22%20xmlns%3Axlink%3D%22http%3A%2F%2Fwww.w3.org%2F1999%2Fxlink%22%3E%3Cpolygon%20id%3D%22Combined-Shape%22%20fill%3D%22%23ebebeb%22%20points%3D%228.98762301%200%200%209.12771969%200%2014.519983%209%205.40479869%2018%2014.519983%2018%209.12771969%22%3E%3C%2Fpolygon%3E%3C%2Fsvg%3E&#039;);\"><\/div><\/div><\/div><\/div><\/div><div class=\"wpb_column vc_column_container vc_col-sm-2\"><div class=\"vc_column-inner\"><div class=\"wpb_wrapper\"><\/div><\/div><\/div><div class=\"wpb_column vc_column_container vc_col-sm-8 vc_col-has-fill wd-z-index wd-rs-6124e2cd76f17\"><div class=\"vc_column-inner vc_custom_1629807322411\"><div class=\"wpb_wrapper\">\n\t<div class=\"wpb_video_widget wpb_content_element vc_clearfix vc_custom_1680214802948 vc_video-aspect-ratio-169 vc_video-el-width-100 vc_video-align-center\" >\n\t\t<div class=\"wpb_wrapper\">\n\t\t\t\n\t\t\t<div class=\"wpb_video_wrapper\">\t\t\t\t\t\t<div id=\"wd-rs-6a01a7ee724cf\" class=\"wd-video-poster-wrapper\">\n\t\t\t\t\t\t\t<div class=\"wd-video-poster\" style=\"background-image:url(https:\/\/qsshoreca.be\/wp-content\/uploads\/2023\/02\/qss-slider-1.jpg)\"><\/div>\n\t\t\t\t\t\t\t<div class=\"button-play\"><\/div>\n\t\t\t\t\t\t<\/div>\n\t\t\t\t\t<iframe loading=\"lazy\" title=\"Qss Otelcilik\" width=\"500\" height=\"281\" src=\"https:\/\/www.youtube.com\/embed\/XIrPan8fZZQ?feature=oembed\" frameborder=\"0\" allow=\"accelerometer; autoplay; clipboard-write; encrypted-media; gyroscope; picture-in-picture; web-share\" referrerpolicy=\"strict-origin-when-cross-origin\" allowfullscreen><\/iframe><\/div>\n\t\t<\/div>\n\t<\/div>\n<\/div><\/div><\/div><\/div>\n<\/div>","protected":false},"excerpt":{"rendered":"Over QSS Dankzij onze jarenlange ervaring in de sector bieden wij de beste oplossingen voor zowel al uw horeca vraagstukken,","protected":false},"author":1,"featured_media":0,"parent":0,"menu_order":0,"comment_status":"closed","ping_status":"closed","template":"","meta":{"footnotes":""},"_links":{"self":[{"href":"https:\/\/qsshoreca.be\/tr\/wp-json\/wp\/v2\/pages\/5029"}],"collection":[{"href":"https:\/\/qsshoreca.be\/tr\/wp-json\/wp\/v2\/pages"}],"about":[{"href":"https:\/\/qsshoreca.be\/tr\/wp-json\/wp\/v2\/types\/page"}],"author":[{"embeddable":true,"href":"https:\/\/qsshoreca.be\/tr\/wp-json\/wp\/v2\/users\/1"}],"replies":[{"embeddable":true,"href":"https:\/\/qsshoreca.be\/tr\/wp-json\/wp\/v2\/comments?post=5029"}],"version-history":[{"count":20,"href":"https:\/\/qsshoreca.be\/tr\/wp-json\/wp\/v2\/pages\/5029\/revisions"}],"predecessor-version":[{"id":9186,"href":"https:\/\/qsshoreca.be\/tr\/wp-json\/wp\/v2\/pages\/5029\/revisions\/9186"}],"wp:attachment":[{"href":"https:\/\/qsshoreca.be\/tr\/wp-json\/wp\/v2\/media?parent=5029"}],"curies":[{"name":"wp","href":"https:\/\/api.w.org\/{rel}","templated":true}]}}