{"id":7398,"date":"2023-01-04T23:14:23","date_gmt":"2023-01-04T23:14:23","guid":{"rendered":"https:\/\/qsshoreca.be\/?post_type=product&#038;p=7398"},"modified":"2023-01-06T18:37:27","modified_gmt":"2023-01-06T18:37:27","slug":"vandemoortele-vleminckx-curryketchup-3l","status":"publish","type":"product","link":"https:\/\/qsshoreca.be\/tr\/soslar\/vandemoortele-vleminckx-curryketchup-3l\/","title":{"rendered":"Vandemoortele Vleminckx K\u00f6ri ket\u00e7ab\u0131 3L"},"content":{"rendered":"","protected":false},"excerpt":{"rendered":"","protected":false},"featured_media":7399,"template":"","meta":[],"product_cat":[70],"product_tag":[],"_links":{"self":[{"href":"https:\/\/qsshoreca.be\/tr\/wp-json\/wp\/v2\/product\/7398"}],"collection":[{"href":"https:\/\/qsshoreca.be\/tr\/wp-json\/wp\/v2\/product"}],"about":[{"href":"https:\/\/qsshoreca.be\/tr\/wp-json\/wp\/v2\/types\/product"}],"wp:featuredmedia":[{"embeddable":true,"href":"https:\/\/qsshoreca.be\/tr\/wp-json\/wp\/v2\/media\/7399"}],"wp:attachment":[{"href":"https:\/\/qsshoreca.be\/tr\/wp-json\/wp\/v2\/media?parent=7398"}],"wp:term":[{"taxonomy":"product_cat","embeddable":true,"href":"https:\/\/qsshoreca.be\/tr\/wp-json\/wp\/v2\/product_cat?post=7398"},{"taxonomy":"product_tag","embeddable":true,"href":"https:\/\/qsshoreca.be\/tr\/wp-json\/wp\/v2\/product_tag?post=7398"}],"curies":[{"name":"wp","href":"https:\/\/api.w.org\/{rel}","templated":true}]}}