{"id":7608,"date":"2023-01-06T10:14:10","date_gmt":"2023-01-06T10:14:10","guid":{"rendered":"https:\/\/qsshoreca.be\/?post_type=product&#038;p=7608"},"modified":"2023-01-06T10:14:10","modified_gmt":"2023-01-06T10:14:10","slug":"icim-seftali-nektar-24x330-ml","status":"publish","type":"product","link":"https:\/\/qsshoreca.be\/tr\/icecekler\/icim-seftali-nektar-24x330-ml\/","title":{"rendered":"\u0130\u00e7im \u015eeftali Nektar 24\u00d7330 ml"},"content":{"rendered":"","protected":false},"excerpt":{"rendered":"","protected":false},"featured_media":7609,"template":"","meta":[],"product_cat":[71],"product_tag":[],"_links":{"self":[{"href":"https:\/\/qsshoreca.be\/tr\/wp-json\/wp\/v2\/product\/7608"}],"collection":[{"href":"https:\/\/qsshoreca.be\/tr\/wp-json\/wp\/v2\/product"}],"about":[{"href":"https:\/\/qsshoreca.be\/tr\/wp-json\/wp\/v2\/types\/product"}],"wp:featuredmedia":[{"embeddable":true,"href":"https:\/\/qsshoreca.be\/tr\/wp-json\/wp\/v2\/media\/7609"}],"wp:attachment":[{"href":"https:\/\/qsshoreca.be\/tr\/wp-json\/wp\/v2\/media?parent=7608"}],"wp:term":[{"taxonomy":"product_cat","embeddable":true,"href":"https:\/\/qsshoreca.be\/tr\/wp-json\/wp\/v2\/product_cat?post=7608"},{"taxonomy":"product_tag","embeddable":true,"href":"https:\/\/qsshoreca.be\/tr\/wp-json\/wp\/v2\/product_tag?post=7608"}],"curies":[{"name":"wp","href":"https:\/\/api.w.org\/{rel}","templated":true}]}}