{"id":7612,"date":"2023-01-06T11:42:05","date_gmt":"2023-01-06T11:42:05","guid":{"rendered":"https:\/\/qsshoreca.be\/?post_type=product&#038;p=7612"},"modified":"2023-01-06T11:51:48","modified_gmt":"2023-01-06T11:51:48","slug":"kizilay-karpuz-cilek-maden-suyu-24x200ml","status":"publish","type":"product","link":"https:\/\/qsshoreca.be\/tr\/icecekler\/kizilay-karpuz-cilek-maden-suyu-24x200ml\/","title":{"rendered":"K\u0131z\u0131lay Maden Suyu Karpuz-\u00c7ilek 24x200ml"},"content":{"rendered":"","protected":false},"excerpt":{"rendered":"","protected":false},"featured_media":7613,"template":"","meta":[],"product_cat":[71],"product_tag":[],"_links":{"self":[{"href":"https:\/\/qsshoreca.be\/tr\/wp-json\/wp\/v2\/product\/7612"}],"collection":[{"href":"https:\/\/qsshoreca.be\/tr\/wp-json\/wp\/v2\/product"}],"about":[{"href":"https:\/\/qsshoreca.be\/tr\/wp-json\/wp\/v2\/types\/product"}],"wp:featuredmedia":[{"embeddable":true,"href":"https:\/\/qsshoreca.be\/tr\/wp-json\/wp\/v2\/media\/7613"}],"wp:attachment":[{"href":"https:\/\/qsshoreca.be\/tr\/wp-json\/wp\/v2\/media?parent=7612"}],"wp:term":[{"taxonomy":"product_cat","embeddable":true,"href":"https:\/\/qsshoreca.be\/tr\/wp-json\/wp\/v2\/product_cat?post=7612"},{"taxonomy":"product_tag","embeddable":true,"href":"https:\/\/qsshoreca.be\/tr\/wp-json\/wp\/v2\/product_tag?post=7612"}],"curies":[{"name":"wp","href":"https:\/\/api.w.org\/{rel}","templated":true}]}}