{"id":7614,"date":"2023-01-06T11:45:17","date_gmt":"2023-01-06T11:45:17","guid":{"rendered":"https:\/\/qsshoreca.be\/?post_type=product&#038;p=7614"},"modified":"2023-01-06T11:52:29","modified_gmt":"2023-01-06T11:52:29","slug":"kizilay-limon-maden-suyu-24x200-ml","status":"publish","type":"product","link":"https:\/\/qsshoreca.be\/tr\/icecekler\/kizilay-limon-maden-suyu-24x200-ml\/","title":{"rendered":"K\u0131z\u0131lay Maden Suyu Limon 24\u00d7200 ml"},"content":{"rendered":"","protected":false},"excerpt":{"rendered":"","protected":false},"featured_media":7615,"template":"","meta":[],"product_cat":[71],"product_tag":[],"_links":{"self":[{"href":"https:\/\/qsshoreca.be\/tr\/wp-json\/wp\/v2\/product\/7614"}],"collection":[{"href":"https:\/\/qsshoreca.be\/tr\/wp-json\/wp\/v2\/product"}],"about":[{"href":"https:\/\/qsshoreca.be\/tr\/wp-json\/wp\/v2\/types\/product"}],"wp:featuredmedia":[{"embeddable":true,"href":"https:\/\/qsshoreca.be\/tr\/wp-json\/wp\/v2\/media\/7615"}],"wp:attachment":[{"href":"https:\/\/qsshoreca.be\/tr\/wp-json\/wp\/v2\/media?parent=7614"}],"wp:term":[{"taxonomy":"product_cat","embeddable":true,"href":"https:\/\/qsshoreca.be\/tr\/wp-json\/wp\/v2\/product_cat?post=7614"},{"taxonomy":"product_tag","embeddable":true,"href":"https:\/\/qsshoreca.be\/tr\/wp-json\/wp\/v2\/product_tag?post=7614"}],"curies":[{"name":"wp","href":"https:\/\/api.w.org\/{rel}","templated":true}]}}