{"id":7704,"date":"2023-01-06T16:38:48","date_gmt":"2023-01-06T16:38:48","guid":{"rendered":"https:\/\/qsshoreca.be\/?post_type=product&#038;p=7704"},"modified":"2023-01-06T18:24:00","modified_gmt":"2023-01-06T18:24:00","slug":"fuze-tea-sparkling-black-tea-6x4-x-400ml","status":"publish","type":"product","link":"https:\/\/qsshoreca.be\/tr\/icecekler\/fuze-tea-sparkling-black-tea-6x4-x-400ml\/","title":{"rendered":"Fuze Tea K\u00f6p\u00fckl\u00fc Siyah \u00c7ay 6\u00d74 x 400ml"},"content":{"rendered":"","protected":false},"excerpt":{"rendered":"","protected":false},"featured_media":7712,"template":"","meta":[],"product_cat":[71],"product_tag":[],"_links":{"self":[{"href":"https:\/\/qsshoreca.be\/tr\/wp-json\/wp\/v2\/product\/7704"}],"collection":[{"href":"https:\/\/qsshoreca.be\/tr\/wp-json\/wp\/v2\/product"}],"about":[{"href":"https:\/\/qsshoreca.be\/tr\/wp-json\/wp\/v2\/types\/product"}],"wp:featuredmedia":[{"embeddable":true,"href":"https:\/\/qsshoreca.be\/tr\/wp-json\/wp\/v2\/media\/7712"}],"wp:attachment":[{"href":"https:\/\/qsshoreca.be\/tr\/wp-json\/wp\/v2\/media?parent=7704"}],"wp:term":[{"taxonomy":"product_cat","embeddable":true,"href":"https:\/\/qsshoreca.be\/tr\/wp-json\/wp\/v2\/product_cat?post=7704"},{"taxonomy":"product_tag","embeddable":true,"href":"https:\/\/qsshoreca.be\/tr\/wp-json\/wp\/v2\/product_tag?post=7704"}],"curies":[{"name":"wp","href":"https:\/\/api.w.org\/{rel}","templated":true}]}}