{"id":7929,"date":"2023-01-09T19:20:24","date_gmt":"2023-01-09T19:20:24","guid":{"rendered":"https:\/\/qsshoreca.be\/?post_type=product&#038;p=7929"},"modified":"2023-02-19T21:46:55","modified_gmt":"2023-02-19T20:46:55","slug":"mekkafood-cornstick-horeca-26x80gr","status":"publish","type":"product","link":"https:\/\/qsshoreca.be\/tr\/atistirmaliklar\/mekkafood-cornstick-horeca-26x80gr\/","title":{"rendered":"Mekkafood M\u0131s\u0131r \u00c7ubu\u011fu Horeca 26x80gr"},"content":{"rendered":"","protected":false},"excerpt":{"rendered":"","protected":false},"featured_media":7930,"template":"","meta":[],"product_cat":[546],"product_tag":[],"_links":{"self":[{"href":"https:\/\/qsshoreca.be\/tr\/wp-json\/wp\/v2\/product\/7929"}],"collection":[{"href":"https:\/\/qsshoreca.be\/tr\/wp-json\/wp\/v2\/product"}],"about":[{"href":"https:\/\/qsshoreca.be\/tr\/wp-json\/wp\/v2\/types\/product"}],"wp:featuredmedia":[{"embeddable":true,"href":"https:\/\/qsshoreca.be\/tr\/wp-json\/wp\/v2\/media\/7930"}],"wp:attachment":[{"href":"https:\/\/qsshoreca.be\/tr\/wp-json\/wp\/v2\/media?parent=7929"}],"wp:term":[{"taxonomy":"product_cat","embeddable":true,"href":"https:\/\/qsshoreca.be\/tr\/wp-json\/wp\/v2\/product_cat?post=7929"},{"taxonomy":"product_tag","embeddable":true,"href":"https:\/\/qsshoreca.be\/tr\/wp-json\/wp\/v2\/product_tag?post=7929"}],"curies":[{"name":"wp","href":"https:\/\/api.w.org\/{rel}","templated":true}]}}