{"id":7982,"date":"2023-01-10T15:33:11","date_gmt":"2023-01-10T15:33:11","guid":{"rendered":"https:\/\/qsshoreca.be\/?post_type=product&#038;p=7982"},"modified":"2023-02-19T21:47:03","modified_gmt":"2023-02-19T20:47:03","slug":"geroosterde-kipfilet-van-120-g-2-5kg","status":"publish","type":"product","link":"https:\/\/qsshoreca.be\/tr\/atistirmaliklar\/geroosterde-kipfilet-van-120-g-2-5kg\/","title":{"rendered":"K\u0131zarm\u0131\u015f tavuk g\u00f6\u011fs\u00fc 120 g \/2,5 kg"},"content":{"rendered":"","protected":false},"excerpt":{"rendered":"","protected":false},"featured_media":7983,"template":"","meta":[],"product_cat":[546],"product_tag":[],"_links":{"self":[{"href":"https:\/\/qsshoreca.be\/tr\/wp-json\/wp\/v2\/product\/7982"}],"collection":[{"href":"https:\/\/qsshoreca.be\/tr\/wp-json\/wp\/v2\/product"}],"about":[{"href":"https:\/\/qsshoreca.be\/tr\/wp-json\/wp\/v2\/types\/product"}],"wp:featuredmedia":[{"embeddable":true,"href":"https:\/\/qsshoreca.be\/tr\/wp-json\/wp\/v2\/media\/7983"}],"wp:attachment":[{"href":"https:\/\/qsshoreca.be\/tr\/wp-json\/wp\/v2\/media?parent=7982"}],"wp:term":[{"taxonomy":"product_cat","embeddable":true,"href":"https:\/\/qsshoreca.be\/tr\/wp-json\/wp\/v2\/product_cat?post=7982"},{"taxonomy":"product_tag","embeddable":true,"href":"https:\/\/qsshoreca.be\/tr\/wp-json\/wp\/v2\/product_tag?post=7982"}],"curies":[{"name":"wp","href":"https:\/\/api.w.org\/{rel}","templated":true}]}}