{"id":7986,"date":"2023-01-10T15:36:48","date_gmt":"2023-01-10T15:36:48","guid":{"rendered":"https:\/\/qsshoreca.be\/?post_type=product&#038;p=7986"},"modified":"2023-02-19T21:46:59","modified_gmt":"2023-02-19T20:46:59","slug":"geroosterde-kipfilets-reepjes-2-5kg","status":"publish","type":"product","link":"https:\/\/qsshoreca.be\/tr\/atistirmaliklar\/geroosterde-kipfilets-reepjes-2-5kg\/","title":{"rendered":"K\u0131zarm\u0131\u015f Tavuk G\u00f6\u011fs\u00fc \u015eeritleri 2.5kg"},"content":{"rendered":"","protected":false},"excerpt":{"rendered":"","protected":false},"featured_media":7987,"template":"","meta":[],"product_cat":[546],"product_tag":[],"_links":{"self":[{"href":"https:\/\/qsshoreca.be\/tr\/wp-json\/wp\/v2\/product\/7986"}],"collection":[{"href":"https:\/\/qsshoreca.be\/tr\/wp-json\/wp\/v2\/product"}],"about":[{"href":"https:\/\/qsshoreca.be\/tr\/wp-json\/wp\/v2\/types\/product"}],"wp:featuredmedia":[{"embeddable":true,"href":"https:\/\/qsshoreca.be\/tr\/wp-json\/wp\/v2\/media\/7987"}],"wp:attachment":[{"href":"https:\/\/qsshoreca.be\/tr\/wp-json\/wp\/v2\/media?parent=7986"}],"wp:term":[{"taxonomy":"product_cat","embeddable":true,"href":"https:\/\/qsshoreca.be\/tr\/wp-json\/wp\/v2\/product_cat?post=7986"},{"taxonomy":"product_tag","embeddable":true,"href":"https:\/\/qsshoreca.be\/tr\/wp-json\/wp\/v2\/product_tag?post=7986"}],"curies":[{"name":"wp","href":"https:\/\/api.w.org\/{rel}","templated":true}]}}