{"id":8090,"date":"2023-01-10T21:17:51","date_gmt":"2023-01-10T20:17:51","guid":{"rendered":"https:\/\/qsshoreca.be\/?post_type=product&#038;p=8090"},"modified":"2023-02-19T21:25:00","modified_gmt":"2023-02-19T20:25:00","slug":"ovi-mini-loempia-50-st","status":"publish","type":"product","link":"https:\/\/qsshoreca.be\/tr\/atistirmaliklar\/ovi-mini-loempia-50-st\/","title":{"rendered":"Ovi Mini \u00c7in b\u00f6re\u011fi 50 adet"},"content":{"rendered":"","protected":false},"excerpt":{"rendered":"","protected":false},"featured_media":8091,"template":"","meta":[],"product_cat":[546],"product_tag":[],"_links":{"self":[{"href":"https:\/\/qsshoreca.be\/tr\/wp-json\/wp\/v2\/product\/8090"}],"collection":[{"href":"https:\/\/qsshoreca.be\/tr\/wp-json\/wp\/v2\/product"}],"about":[{"href":"https:\/\/qsshoreca.be\/tr\/wp-json\/wp\/v2\/types\/product"}],"wp:featuredmedia":[{"embeddable":true,"href":"https:\/\/qsshoreca.be\/tr\/wp-json\/wp\/v2\/media\/8091"}],"wp:attachment":[{"href":"https:\/\/qsshoreca.be\/tr\/wp-json\/wp\/v2\/media?parent=8090"}],"wp:term":[{"taxonomy":"product_cat","embeddable":true,"href":"https:\/\/qsshoreca.be\/tr\/wp-json\/wp\/v2\/product_cat?post=8090"},{"taxonomy":"product_tag","embeddable":true,"href":"https:\/\/qsshoreca.be\/tr\/wp-json\/wp\/v2\/product_tag?post=8090"}],"curies":[{"name":"wp","href":"https:\/\/api.w.org\/{rel}","templated":true}]}}