{"id":8124,"date":"2023-01-11T19:54:10","date_gmt":"2023-01-11T19:54:10","guid":{"rendered":"https:\/\/qsshoreca.be\/?post_type=product&#038;p=8124"},"modified":"2023-01-28T14:43:02","modified_gmt":"2023-01-28T14:43:02","slug":"qss-iskender-gehakt-doner","status":"publish","type":"product","link":"https:\/\/qsshoreca.be\/tr\/doner\/qss-iskender-gehakt-doner\/","title":{"rendered":"Qss \u0130skender Do\u011franm\u0131\u015f D\u00f6ner"},"content":{"rendered":"","protected":false},"excerpt":{"rendered":"","protected":false},"featured_media":8131,"template":"","meta":[],"product_cat":[73],"product_tag":[],"_links":{"self":[{"href":"https:\/\/qsshoreca.be\/tr\/wp-json\/wp\/v2\/product\/8124"}],"collection":[{"href":"https:\/\/qsshoreca.be\/tr\/wp-json\/wp\/v2\/product"}],"about":[{"href":"https:\/\/qsshoreca.be\/tr\/wp-json\/wp\/v2\/types\/product"}],"wp:featuredmedia":[{"embeddable":true,"href":"https:\/\/qsshoreca.be\/tr\/wp-json\/wp\/v2\/media\/8131"}],"wp:attachment":[{"href":"https:\/\/qsshoreca.be\/tr\/wp-json\/wp\/v2\/media?parent=8124"}],"wp:term":[{"taxonomy":"product_cat","embeddable":true,"href":"https:\/\/qsshoreca.be\/tr\/wp-json\/wp\/v2\/product_cat?post=8124"},{"taxonomy":"product_tag","embeddable":true,"href":"https:\/\/qsshoreca.be\/tr\/wp-json\/wp\/v2\/product_tag?post=8124"}],"curies":[{"name":"wp","href":"https:\/\/api.w.org\/{rel}","templated":true}]}}