{"id":8397,"date":"2023-01-13T14:27:45","date_gmt":"2023-01-13T14:27:45","guid":{"rendered":"https:\/\/qsshoreca.be\/?post_type=product&#038;p=8397"},"modified":"2023-01-14T15:57:18","modified_gmt":"2023-01-14T15:57:18","slug":"toiletpapier-pak-2-laags-jumbo-320m-6-rol","status":"publish","type":"product","link":"https:\/\/qsshoreca.be\/tr\/paketleme\/toiletpapier-pak-2-laags-jumbo-320m-6-rol\/","title":{"rendered":"Tuvalet Ka\u011f\u0131d\u0131 Paketi 2 Katl\u0131 Jumbo 320m 6 Rulo"},"content":{"rendered":"","protected":false},"excerpt":{"rendered":"","protected":false},"featured_media":8398,"template":"","meta":[],"product_cat":[75],"product_tag":[],"_links":{"self":[{"href":"https:\/\/qsshoreca.be\/tr\/wp-json\/wp\/v2\/product\/8397"}],"collection":[{"href":"https:\/\/qsshoreca.be\/tr\/wp-json\/wp\/v2\/product"}],"about":[{"href":"https:\/\/qsshoreca.be\/tr\/wp-json\/wp\/v2\/types\/product"}],"wp:featuredmedia":[{"embeddable":true,"href":"https:\/\/qsshoreca.be\/tr\/wp-json\/wp\/v2\/media\/8398"}],"wp:attachment":[{"href":"https:\/\/qsshoreca.be\/tr\/wp-json\/wp\/v2\/media?parent=8397"}],"wp:term":[{"taxonomy":"product_cat","embeddable":true,"href":"https:\/\/qsshoreca.be\/tr\/wp-json\/wp\/v2\/product_cat?post=8397"},{"taxonomy":"product_tag","embeddable":true,"href":"https:\/\/qsshoreca.be\/tr\/wp-json\/wp\/v2\/product_tag?post=8397"}],"curies":[{"name":"wp","href":"https:\/\/api.w.org\/{rel}","templated":true}]}}