{"id":9046,"date":"2023-01-28T14:32:50","date_gmt":"2023-01-28T14:32:50","guid":{"rendered":"https:\/\/qsshoreca.be\/?post_type=product&#038;p=9046"},"modified":"2023-01-28T14:33:58","modified_gmt":"2023-01-28T14:33:58","slug":"houten-mes-100st","status":"publish","type":"product","link":"https:\/\/qsshoreca.be\/tr\/verpakkingen\/ahsap-bicak-100-adet\/","title":{"rendered":"Ah\u015fap B\u0131\u00e7ak 100St"},"content":{"rendered":"","protected":false},"excerpt":{"rendered":"","protected":false},"featured_media":9043,"template":"","meta":[],"product_cat":[75],"product_tag":[],"_links":{"self":[{"href":"https:\/\/qsshoreca.be\/tr\/wp-json\/wp\/v2\/product\/9046"}],"collection":[{"href":"https:\/\/qsshoreca.be\/tr\/wp-json\/wp\/v2\/product"}],"about":[{"href":"https:\/\/qsshoreca.be\/tr\/wp-json\/wp\/v2\/types\/product"}],"wp:featuredmedia":[{"embeddable":true,"href":"https:\/\/qsshoreca.be\/tr\/wp-json\/wp\/v2\/media\/9043"}],"wp:attachment":[{"href":"https:\/\/qsshoreca.be\/tr\/wp-json\/wp\/v2\/media?parent=9046"}],"wp:term":[{"taxonomy":"product_cat","embeddable":true,"href":"https:\/\/qsshoreca.be\/tr\/wp-json\/wp\/v2\/product_cat?post=9046"},{"taxonomy":"product_tag","embeddable":true,"href":"https:\/\/qsshoreca.be\/tr\/wp-json\/wp\/v2\/product_tag?post=9046"}],"curies":[{"name":"wp","href":"https:\/\/api.w.org\/{rel}","templated":true}]}}